{"id":34,"date":"2026-03-09T02:55:12","date_gmt":"2026-03-09T02:55:12","guid":{"rendered":"https:\/\/proyectodemo.compromisoporoaxaca.com\/?page_id=34"},"modified":"2026-03-09T03:25:37","modified_gmt":"2026-03-09T03:25:37","slug":"diputado-raynel-ramirez-mijangos","status":"publish","type":"page","link":"https:\/\/proyectodemo.compromisoporoaxaca.com\/","title":{"rendered":"Diputado Raynel Ram\u00edrez Mijangos"},"content":{"rendered":"<p><img loading=\"lazy\" decoding=\"async\" class=\"alignnone size-full wp-image-30\" src=\"https:\/\/proyectodemo.compromisoporoaxaca.com\/wp-content\/uploads\/2026\/03\/FB_IMG_1773024020811.jpg\" alt=\"\" width=\"1280\" height=\"854\" srcset=\"https:\/\/proyectodemo.compromisoporoaxaca.com\/wp-content\/uploads\/2026\/03\/FB_IMG_1773024020811.jpg 1280w, https:\/\/proyectodemo.compromisoporoaxaca.com\/wp-content\/uploads\/2026\/03\/FB_IMG_1773024020811-300x200.jpg 300w, https:\/\/proyectodemo.compromisoporoaxaca.com\/wp-content\/uploads\/2026\/03\/FB_IMG_1773024020811-1024x683.jpg 1024w, https:\/\/proyectodemo.compromisoporoaxaca.com\/wp-content\/uploads\/2026\/03\/FB_IMG_1773024020811-768x512.jpg 768w, https:\/\/proyectodemo.compromisoporoaxaca.com\/wp-content\/uploads\/2026\/03\/FB_IMG_1773024020811-720x480.jpg 720w, https:\/\/proyectodemo.compromisoporoaxaca.com\/wp-content\/uploads\/2026\/03\/FB_IMG_1773024020811-520x347.jpg 520w, https:\/\/proyectodemo.compromisoporoaxaca.com\/wp-content\/uploads\/2026\/03\/FB_IMG_1773024020811-320x214.jpg 320w\" sizes=\"auto, (max-width: 1280px) 100vw, 1280px\" \/><\/p>\n<p><img loading=\"lazy\" decoding=\"async\" class=\"alignnone size-medium wp-image-32\" src=\"https:\/\/proyectodemo.compromisoporoaxaca.com\/wp-content\/uploads\/2026\/03\/RAYNEL-DIPUTADO_3_-GUINDA-300x122.png\" alt=\"\" width=\"300\" height=\"122\" srcset=\"https:\/\/proyectodemo.compromisoporoaxaca.com\/wp-content\/uploads\/2026\/03\/RAYNEL-DIPUTADO_3_-GUINDA-300x122.png 300w, https:\/\/proyectodemo.compromisoporoaxaca.com\/wp-content\/uploads\/2026\/03\/RAYNEL-DIPUTADO_3_-GUINDA-1024x417.png 1024w, https:\/\/proyectodemo.compromisoporoaxaca.com\/wp-content\/uploads\/2026\/03\/RAYNEL-DIPUTADO_3_-GUINDA-768x313.png 768w, https:\/\/proyectodemo.compromisoporoaxaca.com\/wp-content\/uploads\/2026\/03\/RAYNEL-DIPUTADO_3_-GUINDA-1536x625.png 1536w, https:\/\/proyectodemo.compromisoporoaxaca.com\/wp-content\/uploads\/2026\/03\/RAYNEL-DIPUTADO_3_-GUINDA-720x293.png 720w, https:\/\/proyectodemo.compromisoporoaxaca.com\/wp-content\/uploads\/2026\/03\/RAYNEL-DIPUTADO_3_-GUINDA-520x212.png 520w, https:\/\/proyectodemo.compromisoporoaxaca.com\/wp-content\/uploads\/2026\/03\/RAYNEL-DIPUTADO_3_-GUINDA-320x130.png 320w, https:\/\/proyectodemo.compromisoporoaxaca.com\/wp-content\/uploads\/2026\/03\/RAYNEL-DIPUTADO_3_-GUINDA.png 1597w\" sizes=\"auto, (max-width: 300px) 100vw, 300px\" \/><\/p>\n<p style=\"text-align: left;\"><strong>Tipo de Representaci\u00f3n:<\/strong> Mayor\u00eda Relativa<br \/>\n<strong>Distrito:<\/strong> X<br \/>\n<strong>Cabecera:<\/strong> San Pedro y San Pablo Ayutla<br \/>\n<strong>Suplente:<\/strong> Candido Santiba\u00f1ez Canseco<br \/>\n<strong>Ubicaci\u00f3n:<\/strong>1\u00ba Nivel Edificio Diputados<br \/>\n<strong>Tel\u00e9fono<\/strong>:951 5020400, 951 5020200<br \/>\n<strong>Extensi\u00f3n:<\/strong>8406<\/p>\n<p><strong> INTEGRANTE DE LAS COMISIONES<\/strong><\/p>\n<ul>\n<li>Bienestar, Tequio, Inclusi\u00f3n y Fomento Cooperativo<\/li>\n<li>Corredor Interoce\u00e1nico del Istmo de Tehuantepec y Programas de Desarrollo Regional<\/li>\n<li>Fomento Agroalimentario y Desarrollo Rural<\/li>\n<li>Gobierno y Asuntos Agrarios<\/li>\n<\/ul>\n","protected":false},"excerpt":{"rendered":"<p>Tipo de Representaci\u00f3n: Mayor\u00eda Relativa Distrito: X Cabecera: San Pedro y San Pablo Ayutla Suplente: Candido Santiba\u00f1ez Canseco Ubicaci\u00f3n:1\u00ba Nivel Edificio Diputados Tel\u00e9fono:951 5020400, 951 5020200 Extensi\u00f3n:8406 INTEGRANTE DE LAS COMISIONES Bienestar, Tequio, Inclusi\u00f3n&#46;&#46;&#46;<\/p>\n","protected":false},"author":1,"featured_media":30,"parent":0,"menu_order":0,"comment_status":"closed","ping_status":"closed","template":"","meta":{"footnotes":""},"class_list":["post-34","page","type-page","status-publish","has-post-thumbnail","hentry"],"_links":{"self":[{"href":"https:\/\/proyectodemo.compromisoporoaxaca.com\/index.php\/wp-json\/wp\/v2\/pages\/34","targetHints":{"allow":["GET"]}}],"collection":[{"href":"https:\/\/proyectodemo.compromisoporoaxaca.com\/index.php\/wp-json\/wp\/v2\/pages"}],"about":[{"href":"https:\/\/proyectodemo.compromisoporoaxaca.com\/index.php\/wp-json\/wp\/v2\/types\/page"}],"author":[{"embeddable":true,"href":"https:\/\/proyectodemo.compromisoporoaxaca.com\/index.php\/wp-json\/wp\/v2\/users\/1"}],"replies":[{"embeddable":true,"href":"https:\/\/proyectodemo.compromisoporoaxaca.com\/index.php\/wp-json\/wp\/v2\/comments?post=34"}],"version-history":[{"count":2,"href":"https:\/\/proyectodemo.compromisoporoaxaca.com\/index.php\/wp-json\/wp\/v2\/pages\/34\/revisions"}],"predecessor-version":[{"id":58,"href":"https:\/\/proyectodemo.compromisoporoaxaca.com\/index.php\/wp-json\/wp\/v2\/pages\/34\/revisions\/58"}],"wp:featuredmedia":[{"embeddable":true,"href":"https:\/\/proyectodemo.compromisoporoaxaca.com\/index.php\/wp-json\/wp\/v2\/media\/30"}],"wp:attachment":[{"href":"https:\/\/proyectodemo.compromisoporoaxaca.com\/index.php\/wp-json\/wp\/v2\/media?parent=34"}],"curies":[{"name":"wp","href":"https:\/\/api.w.org\/{rel}","templated":true}]}}